{"id":7472,"date":"2022-07-12T06:16:48","date_gmt":"2022-07-12T06:16:48","guid":{"rendered":"https:\/\/eudocsexpress.com\/?page_id=7472"},"modified":"2022-07-13T11:48:38","modified_gmt":"2022-07-13T11:48:38","slug":"lepjen-kapcsolatba-velunk","status":"publish","type":"page","link":"https:\/\/eudocsexpress.com\/hu\/lepjen-kapcsolatba-velunk\/","title":{"rendered":"L\u00e9pjen kapcsolatba vel\u00fcnk"},"content":{"rendered":"\t\t<div data-elementor-type=\"wp-post\" data-elementor-id=\"7472\" class=\"elementor elementor-7472\">\n\t\t\t\t\t\t\t\t\t<section class=\"elementor-section elementor-top-section elementor-element elementor-element-27e672c elementor-section-stretched elementor-section-height-min-height elementor-section-boxed elementor-section-height-default elementor-section-items-middle elementor-invisible\" data-id=\"27e672c\" data-element_type=\"section\" data-settings=\"{&quot;background_background&quot;:&quot;classic&quot;,&quot;stretch_section&quot;:&quot;section-stretched&quot;,&quot;animation&quot;:&quot;fadeIn&quot;}\">\n\t\t\t\t\t\t\t<div class=\"elementor-background-overlay\"><\/div>\n\t\t\t\t\t\t\t<div class=\"elementor-container elementor-column-gap-no\">\n\t\t\t\t\t<div class=\"elementor-column elementor-col-100 elementor-top-column elementor-element elementor-element-102e8c96\" data-id=\"102e8c96\" data-element_type=\"column\">\n\t\t\t<div class=\"elementor-widget-wrap elementor-element-populated\">\n\t\t\t\t\t\t\t\t<div class=\"elementor-element elementor-element-3ff970b0 elementor-widget elementor-widget-heading\" data-id=\"3ff970b0\" data-element_type=\"widget\" data-widget_type=\"heading.default\">\n\t\t\t\t<div class=\"elementor-widget-container\">\n\t\t\t<h1 class=\"elementor-heading-title elementor-size-default\">L\u00e9pjen kapcsolatba vel\u00fcnk<\/h1>\t\t<\/div>\n\t\t\t\t<\/div>\n\t\t\t\t<div class=\"elementor-element elementor-element-222a918a elementor-widget elementor-widget-heading\" data-id=\"222a918a\" data-element_type=\"widget\" data-widget_type=\"heading.default\">\n\t\t\t\t<div class=\"elementor-widget-container\">\n\t\t\t<h4 class=\"elementor-heading-title elementor-size-default\">L\u00e9pjen kapcsolatba a pr\u00e9mium dokumentumszolg\u00e1ltat\u00e1ssal<\/h4>\t\t<\/div>\n\t\t\t\t<\/div>\n\t\t\t\t<div class=\"elementor-element elementor-element-65c4d7be elementor-widget elementor-widget-text-editor\" data-id=\"65c4d7be\" data-element_type=\"widget\" data-widget_type=\"text-editor.default\">\n\t\t\t\t<div class=\"elementor-widget-container\">\n\t\t\t\t\t\t\t<p>C\u00e9lunk, hogy minden k\u00e9rd\u00e9sre 48 \u00f3r\u00e1n bel\u00fcl v\u00e1laszoljunk. Ha sok h\u00edv\u00e1st \u00e9s \u00fczenetet tapasztalunk, a v\u00e1laszad\u00e1sunk k\u00e9shet. K\u00f6sz\u00f6nj\u00fck t\u00fcrelm\u00e9t \u00e9s meg\u00e9rt\u00e9s\u00e9t.<\/p>\t\t\t\t\t\t<\/div>\n\t\t\t\t<\/div>\n\t\t\t\t\t<\/div>\n\t\t<\/div>\n\t\t\t\t\t\t\t<\/div>\n\t\t<\/section>\n\t\t\t\t<section class=\"elementor-section elementor-top-section elementor-element elementor-element-7f3da5a4 elementor-section-boxed elementor-section-height-default elementor-section-height-default\" data-id=\"7f3da5a4\" data-element_type=\"section\" data-settings=\"{&quot;background_background&quot;:&quot;gradient&quot;}\">\n\t\t\t\t\t\t<div class=\"elementor-container elementor-column-gap-default\">\n\t\t\t\t\t<div class=\"elementor-column elementor-col-66 elementor-top-column elementor-element elementor-element-15170593\" data-id=\"15170593\" data-element_type=\"column\">\n\t\t\t<div class=\"elementor-widget-wrap elementor-element-populated\">\n\t\t\t\t\t\t\t\t<div class=\"elementor-element elementor-element-732b7a12 elementor-widget elementor-widget-heading\" data-id=\"732b7a12\" data-element_type=\"widget\" data-widget_type=\"heading.default\">\n\t\t\t\t<div class=\"elementor-widget-container\">\n\t\t\t<h3 class=\"elementor-heading-title elementor-size-default\">K\u00f6zvetlen\u00fcl felveheti vel\u00fcnk a kapcsolatot h\u00edv\u00e1son\/sms-en, whatsappon vagy e-mail c\u00edmen.<\/h3>\t\t<\/div>\n\t\t\t\t<\/div>\n\t\t\t\t<div class=\"elementor-element elementor-element-c5c6575 elementor-widget elementor-widget-wp-widget-wpforms-widget\" data-id=\"c5c6575\" data-element_type=\"widget\" data-widget_type=\"wp-widget-wpforms-widget.default\">\n\t\t\t\t<div class=\"elementor-widget-container\">\n\t\t\t<div class=\"wpforms-container \" id=\"wpforms-9979\"><form id=\"wpforms-form-9979\" class=\"wpforms-validate wpforms-form\" data-formid=\"9979\" method=\"post\" enctype=\"multipart\/form-data\" action=\"\/hu\/wp-json\/wp\/v2\/pages\/7472\" data-token=\"3163f84076780650d01cbf7ba7c2a0e9\" data-token-time=\"1777617004\"><noscript class=\"wpforms-error-noscript\">Please enable JavaScript in your browser to complete this form.<\/noscript><div class=\"wpforms-field-container\"><div id=\"wpforms-9979-field_0-container\" class=\"wpforms-field wpforms-field-name\" data-field-id=\"0\"><label class=\"wpforms-field-label wpforms-label-hide\" for=\"wpforms-9979-field_0\">Name <span class=\"wpforms-required-label\">*<\/span><\/label><input type=\"text\" id=\"wpforms-9979-field_0\" class=\"wpforms-field-large wpforms-field-required\" name=\"wpforms[fields][0]\" placeholder=\"A neved*\" required><\/div><div id=\"wpforms-9979-field_1-container\" class=\"wpforms-field wpforms-field-email\" data-field-id=\"1\"><label class=\"wpforms-field-label wpforms-label-hide\" for=\"wpforms-9979-field_1\">Email <span class=\"wpforms-required-label\">*<\/span><\/label><input type=\"email\" id=\"wpforms-9979-field_1\" class=\"wpforms-field-large wpforms-field-required\" name=\"wpforms[fields][1]\" placeholder=\"Az email c\u00edmed*\" spellcheck=\"false\" required><\/div><div id=\"wpforms-9979-field_8-container\" class=\"wpforms-field wpforms-field-name\" data-field-id=\"8\"><label class=\"wpforms-field-label wpforms-label-hide\" for=\"wpforms-9979-field_8\">Contact Number <span class=\"wpforms-required-label\">*<\/span><\/label><input type=\"text\" id=\"wpforms-9979-field_8\" class=\"wpforms-field-large wpforms-field-required\" name=\"wpforms[fields][8]\" placeholder=\"El\u00e9rhet\u0151s\u00e9g*\" required><\/div><div id=\"wpforms-9979-field_9-container\" class=\"wpforms-field wpforms-field-name\" data-field-id=\"9\"><label class=\"wpforms-field-label wpforms-label-hide\" for=\"wpforms-9979-field_9\">Subject <span class=\"wpforms-required-label\">*<\/span><\/label><input type=\"text\" id=\"wpforms-9979-field_9\" class=\"wpforms-field-large wpforms-field-required\" name=\"wpforms[fields][9]\" placeholder=\"Tant\u00e1rgy*\" required><\/div><div id=\"wpforms-9979-field_2-container\" class=\"wpforms-field wpforms-field-textarea\" data-field-id=\"2\"><label class=\"wpforms-field-label wpforms-label-hide\" for=\"wpforms-9979-field_2\">Message <span class=\"wpforms-required-label\">*<\/span><\/label><textarea id=\"wpforms-9979-field_2\" class=\"wpforms-field-medium wpforms-field-required\" name=\"wpforms[fields][2]\" placeholder=\"Az \u00fczeneted*\" required><\/textarea><\/div><\/div><!-- .wpforms-field-container --><div class=\"wpforms-field wpforms-field-hp\"><label for=\"wpforms-9979-field-hp\" class=\"wpforms-field-label\">Website<\/label><input type=\"text\" name=\"wpforms[hp]\" id=\"wpforms-9979-field-hp\" class=\"wpforms-field-medium\"><\/div><div class=\"wpforms-recaptcha-container wpforms-is-recaptcha wpforms-is-recaptcha-type-v2\" ><div class=\"g-recaptcha\" data-sitekey=\"6LcTrGApAAAAAIeHEzkb28beYjUV4-7qmk0Kv7CR\"><\/div><input type=\"text\" name=\"g-recaptcha-hidden\" class=\"wpforms-recaptcha-hidden\" style=\"position:absolute!important;clip:rect(0,0,0,0)!important;height:1px!important;width:1px!important;border:0!important;overflow:hidden!important;padding:0!important;margin:0!important;\" data-rule-recaptcha=\"1\"><\/div><div class=\"wpforms-submit-container\" ><input type=\"hidden\" name=\"wpforms[id]\" value=\"9979\"><input type=\"hidden\" name=\"page_title\" value=\"\"><input type=\"hidden\" name=\"page_url\" value=\"https:\/\/eudocsexpress.com\/hu\/wp-json\/wp\/v2\/pages\/7472\"><button type=\"submit\" name=\"wpforms[submit]\" id=\"wpforms-submit-9979\" class=\"wpforms-submit\" data-alt-text=\"Sending...\" data-submit-text=\"\u00dcZENET K\u00dcLD\u00c9SE\" aria-live=\"assertive\" value=\"wpforms-submit\">\u00dcZENET K\u00dcLD\u00c9SE<\/button><\/div><\/form><\/div>  <!-- .wpforms-container -->\t\t<\/div>\n\t\t\t\t<\/div>\n\t\t\t\t\t<\/div>\n\t\t<\/div>\n\t\t\t\t<div class=\"elementor-column elementor-col-33 elementor-top-column elementor-element elementor-element-27145ed0\" data-id=\"27145ed0\" data-element_type=\"column\">\n\t\t\t<div class=\"elementor-widget-wrap elementor-element-populated\">\n\t\t\t\t\t\t\t\t<div class=\"elementor-element elementor-element-40fa7e07 elementor-widget elementor-widget-heading\" data-id=\"40fa7e07\" data-element_type=\"widget\" data-widget_type=\"heading.default\">\n\t\t\t\t<div class=\"elementor-widget-container\">\n\t\t\t<h3 class=\"elementor-heading-title elementor-size-default\">Felveszi a kapcsolatot<\/h3>\t\t<\/div>\n\t\t\t\t<\/div>\n\t\t\t\t<div class=\"elementor-element elementor-element-4711bd89 elementor-widget elementor-widget-heading\" data-id=\"4711bd89\" data-element_type=\"widget\" data-widget_type=\"heading.default\">\n\t\t\t\t<div class=\"elementor-widget-container\">\n\t\t\t<h6 class=\"elementor-heading-title elementor-size-default\">\u00c9rj el minket<\/h6>\t\t<\/div>\n\t\t\t\t<\/div>\n\t\t\t\t<div class=\"elementor-element elementor-element-34bc5f4b elementor-align-left elementor-icon-list--layout-traditional elementor-list-item-link-full_width elementor-widget elementor-widget-icon-list\" data-id=\"34bc5f4b\" data-element_type=\"widget\" data-widget_type=\"icon-list.default\">\n\t\t\t\t<div class=\"elementor-widget-container\">\n\t\t\t\t\t<ul class=\"elementor-icon-list-items\">\n\t\t\t\t\t\t\t<li class=\"elementor-icon-list-item\">\n\t\t\t\t\t\t\t\t\t\t\t<span class=\"elementor-icon-list-icon\">\n\t\t\t\t\t\t\t<i aria-hidden=\"true\" class=\"fas fa-map-marker-alt\"><\/i>\t\t\t\t\t\t<\/span>\n\t\t\t\t\t\t\t\t\t\t<span class=\"elementor-icon-list-text\">50 Crown Street, London WC1R 2HA<\/span>\n\t\t\t\t\t\t\t\t\t<\/li>\n\t\t\t\t\t\t\t\t<li class=\"elementor-icon-list-item\">\n\t\t\t\t\t\t\t\t\t\t\t<a href=\"mailto:contact@eudocsexpress.com\u200b\">\n\n\t\t\t\t\t\t\t\t\t\t\t\t<span class=\"elementor-icon-list-icon\">\n\t\t\t\t\t\t\t<i aria-hidden=\"true\" class=\"fas fa-envelope\"><\/i>\t\t\t\t\t\t<\/span>\n\t\t\t\t\t\t\t\t\t\t<span class=\"elementor-icon-list-text\">contact@eudocsexpress.com\u200b<\/span>\n\t\t\t\t\t\t\t\t\t\t\t<\/a>\n\t\t\t\t\t\t\t\t\t<\/li>\n\t\t\t\t\t\t\t\t<li class=\"elementor-icon-list-item\">\n\t\t\t\t\t\t\t\t\t\t\t<span class=\"elementor-icon-list-icon\">\n\t\t\t\t\t\t\t<i aria-hidden=\"true\" class=\"fab fa-whatsapp\"><\/i>\t\t\t\t\t\t<\/span>\n\t\t\t\t\t\t\t\t\t\t<span class=\"elementor-icon-list-text\">+1 (949) 479-2595<\/span>\n\t\t\t\t\t\t\t\t\t<\/li>\n\t\t\t\t\t\t<\/ul>\n\t\t\t\t<\/div>\n\t\t\t\t<\/div>\n\t\t\t\t\t<\/div>\n\t\t<\/div>\n\t\t\t\t\t\t\t<\/div>\n\t\t<\/section>\n\t\t\t\t<section class=\"elementor-section elementor-top-section elementor-element elementor-element-173f0f6 elementor-section-full_width elementor-section-stretched elementor-section-height-default elementor-section-height-default\" data-id=\"173f0f6\" data-element_type=\"section\" data-settings=\"{&quot;background_background&quot;:&quot;classic&quot;,&quot;stretch_section&quot;:&quot;section-stretched&quot;}\">\n\t\t\t\t\t\t<div class=\"elementor-container elementor-column-gap-no\">\n\t\t\t\t\t<div class=\"elementor-column elementor-col-100 elementor-top-column elementor-element elementor-element-c5178d4\" data-id=\"c5178d4\" data-element_type=\"column\" data-settings=\"{&quot;background_background&quot;:&quot;classic&quot;}\">\n\t\t\t<div class=\"elementor-widget-wrap elementor-element-populated\">\n\t\t\t\t\t\t\t\t<section class=\"elementor-section elementor-inner-section elementor-element elementor-element-aaee3af elementor-section-content-middle elementor-section-boxed elementor-section-height-default elementor-section-height-default\" data-id=\"aaee3af\" data-element_type=\"section\">\n\t\t\t\t\t\t<div class=\"elementor-container elementor-column-gap-default\">\n\t\t\t\t\t<div class=\"elementor-column elementor-col-50 elementor-inner-column elementor-element elementor-element-0e6bb0c\" data-id=\"0e6bb0c\" data-element_type=\"column\">\n\t\t\t<div class=\"elementor-widget-wrap elementor-element-populated\">\n\t\t\t\t\t\t\t\t<div class=\"elementor-element elementor-element-433f13c elementor-widget elementor-widget-heading\" data-id=\"433f13c\" data-element_type=\"widget\" data-widget_type=\"heading.default\">\n\t\t\t\t<div class=\"elementor-widget-container\">\n\t\t\t<h3 class=\"elementor-heading-title elementor-size-default\">Dokument\u00e1ci\u00f3s szolg\u00e1ltat\u00e1sainkkal jobb\u00e1 teheti \u00e9let\u00e9t!\n<\/h3>\t\t<\/div>\n\t\t\t\t<\/div>\n\t\t\t\t<div class=\"elementor-element elementor-element-ff19716 elementor-widget elementor-widget-text-editor\" data-id=\"ff19716\" data-element_type=\"widget\" data-widget_type=\"text-editor.default\">\n\t\t\t\t<div class=\"elementor-widget-container\">\n\t\t\t\t\t\t\t<p>Szakk\u00e9pzett csapatunk gondoskodik arr\u00f3l, hogy \u00d6n a legjobb min\u0151s\u00e9g\u0171 dokumentumokat kapja meg, amelyek lehet\u0151v\u00e9 teszik, hogy gondtalanul int\u00e9zhesse a dolgokat. Ne hagyjon es\u00e9lyt arra, hogy l\u00e1togasson el hozz\u00e1nk!<\/p>\t\t\t\t\t\t<\/div>\n\t\t\t\t<\/div>\n\t\t\t\t\t<\/div>\n\t\t<\/div>\n\t\t\t\t<div class=\"elementor-column elementor-col-50 elementor-inner-column elementor-element elementor-element-b84e4c0\" data-id=\"b84e4c0\" data-element_type=\"column\">\n\t\t\t<div class=\"elementor-widget-wrap elementor-element-populated\">\n\t\t\t\t\t\t\t\t<div class=\"elementor-element elementor-element-e71ce94 elementor-align-right elementor-tablet-align-center elementor-widget elementor-widget-button\" data-id=\"e71ce94\" data-element_type=\"widget\" data-widget_type=\"button.default\">\n\t\t\t\t<div class=\"elementor-widget-container\">\n\t\t\t\t\t<div class=\"elementor-button-wrapper\">\n\t\t\t<a class=\"elementor-button elementor-button-link elementor-size-sm\" href=\"#\">\n\t\t\t\t\t\t<span class=\"elementor-button-content-wrapper\">\n\t\t\t\t\t\t<span class=\"elementor-button-text\">+1 (949) 479-2595<\/span>\n\t\t<\/span>\n\t\t\t\t\t<\/a>\n\t\t<\/div>\n\t\t\t\t<\/div>\n\t\t\t\t<\/div>\n\t\t\t\t\t<\/div>\n\t\t<\/div>\n\t\t\t\t\t\t\t<\/div>\n\t\t<\/section>\n\t\t\t\t\t<\/div>\n\t\t<\/div>\n\t\t\t\t\t\t\t<\/div>\n\t\t<\/section>\n\t\t\t\t\t\t\t<\/div>\n\t\t","protected":false},"excerpt":{"rendered":"<p>L\u00e9pjen kapcsolatba vel\u00fcnk L\u00e9pjen kapcsolatba a pr\u00e9mium dokumentumszolg\u00e1ltat\u00e1ssal C\u00e9lunk, hogy minden k\u00e9rd\u00e9sre 48 \u00f3r\u00e1n bel\u00fcl v\u00e1laszoljunk. Ha sok h\u00edv\u00e1st \u00e9s \u00fczenetet tapasztalunk, a v\u00e1laszad\u00e1sunk k\u00e9shet. K\u00f6sz\u00f6nj\u00fck t\u00fcrelm\u00e9t \u00e9s meg\u00e9rt\u00e9s\u00e9t. K\u00f6zvetlen\u00fcl felveheti vel\u00fcnk a kapcsolatot h\u00edv\u00e1son\/sms-en, whatsappon vagy e-mail c\u00edmen. Felveszi a kapcsolatot \u00c9rj el minket 50 Crown Street, London WC1R 2HA contact@eudocsexpress.com\u200b +3197010210597 Dokument\u00e1ci\u00f3s szolg\u00e1ltat\u00e1sainkkal &hellip;<\/p>\n<p class=\"read-more\"> <a class=\"\" href=\"https:\/\/eudocsexpress.com\/hu\/lepjen-kapcsolatba-velunk\/\"> <span class=\"screen-reader-text\">L\u00e9pjen kapcsolatba vel\u00fcnk<\/span> Read More &raquo;<\/a><\/p>\n","protected":false},"author":1,"featured_media":0,"parent":0,"menu_order":0,"comment_status":"closed","ping_status":"closed","template":"","meta":{"site-sidebar-layout":"no-sidebar","site-content-layout":"page-builder","ast-site-content-layout":"","site-content-style":"default","site-sidebar-style":"default","ast-global-header-display":"","ast-banner-title-visibility":"","ast-main-header-display":"","ast-hfb-above-header-display":"","ast-hfb-below-header-display":"","ast-hfb-mobile-header-display":"","site-post-title":"disabled","ast-breadcrumbs-content":"","ast-featured-img":"disabled","footer-sml-layout":"","theme-transparent-header-meta":"enabled","adv-header-id-meta":"","stick-header-meta":"","header-above-stick-meta":"","header-main-stick-meta":"","header-below-stick-meta":"","astra-migrate-meta-layouts":"","_joinchat":[],"footnotes":""},"class_list":["post-7472","page","type-page","status-publish","hentry"],"yoast_head":"<!-- This site is optimized with the Yoast SEO plugin v23.2 - https:\/\/yoast.com\/wordpress\/plugins\/seo\/ -->\n<title>L\u00e9pjen kapcsolatba vel\u00fcnk - EU DOCS EXPRESS<\/title>\n<meta name=\"robots\" content=\"index, follow, max-snippet:-1, max-image-preview:large, max-video-preview:-1\" \/>\n<link rel=\"canonical\" href=\"https:\/\/eudocsexpress.com\/hu\/lepjen-kapcsolatba-velunk\/\" \/>\n<meta property=\"og:locale\" content=\"hu_HU\" \/>\n<meta property=\"og:type\" content=\"article\" \/>\n<meta property=\"og:title\" content=\"L\u00e9pjen kapcsolatba vel\u00fcnk - EU DOCS EXPRESS\" \/>\n<meta property=\"og:description\" content=\"L\u00e9pjen kapcsolatba vel\u00fcnk L\u00e9pjen kapcsolatba a pr\u00e9mium dokumentumszolg\u00e1ltat\u00e1ssal C\u00e9lunk, hogy minden k\u00e9rd\u00e9sre 48 \u00f3r\u00e1n bel\u00fcl v\u00e1laszoljunk. Ha sok h\u00edv\u00e1st \u00e9s \u00fczenetet tapasztalunk, a v\u00e1laszad\u00e1sunk k\u00e9shet. K\u00f6sz\u00f6nj\u00fck t\u00fcrelm\u00e9t \u00e9s meg\u00e9rt\u00e9s\u00e9t. K\u00f6zvetlen\u00fcl felveheti vel\u00fcnk a kapcsolatot h\u00edv\u00e1son\/sms-en, whatsappon vagy e-mail c\u00edmen. Felveszi a kapcsolatot \u00c9rj el minket 50 Crown Street, London WC1R 2HA contact@eudocsexpress.com\u200b +3197010210597 Dokument\u00e1ci\u00f3s szolg\u00e1ltat\u00e1sainkkal &hellip; L\u00e9pjen kapcsolatba vel\u00fcnk Read More &raquo;\" \/>\n<meta property=\"og:url\" content=\"https:\/\/eudocsexpress.com\/hu\/lepjen-kapcsolatba-velunk\/\" \/>\n<meta property=\"og:site_name\" content=\"EU DOCS EXPRESS\" \/>\n<meta property=\"article:modified_time\" content=\"2022-07-13T11:48:38+00:00\" \/>\n<meta name=\"twitter:card\" content=\"summary_large_image\" \/>\n<meta name=\"twitter:label1\" content=\"Becs\u00fclt olvas\u00e1si id\u0151\" \/>\n\t<meta name=\"twitter:data1\" content=\"1 perc\" \/>\n<script type=\"application\/ld+json\" class=\"yoast-schema-graph\">{\"@context\":\"https:\/\/schema.org\",\"@graph\":[{\"@type\":\"WebPage\",\"@id\":\"https:\/\/eudocsexpress.com\/hu\/lepjen-kapcsolatba-velunk\/\",\"url\":\"https:\/\/eudocsexpress.com\/hu\/lepjen-kapcsolatba-velunk\/\",\"name\":\"L\u00e9pjen kapcsolatba vel\u00fcnk - EU DOCS EXPRESS\",\"isPartOf\":{\"@id\":\"https:\/\/eudocsexpress.com\/#website\"},\"datePublished\":\"2022-07-12T06:16:48+00:00\",\"dateModified\":\"2022-07-13T11:48:38+00:00\",\"breadcrumb\":{\"@id\":\"https:\/\/eudocsexpress.com\/hu\/lepjen-kapcsolatba-velunk\/#breadcrumb\"},\"inLanguage\":\"hu\",\"potentialAction\":[{\"@type\":\"ReadAction\",\"target\":[\"https:\/\/eudocsexpress.com\/hu\/lepjen-kapcsolatba-velunk\/\"]}]},{\"@type\":\"BreadcrumbList\",\"@id\":\"https:\/\/eudocsexpress.com\/hu\/lepjen-kapcsolatba-velunk\/#breadcrumb\",\"itemListElement\":[{\"@type\":\"ListItem\",\"position\":1,\"name\":\"Home\",\"item\":\"https:\/\/eudocsexpress.com\/hu\/\"},{\"@type\":\"ListItem\",\"position\":2,\"name\":\"L\u00e9pjen kapcsolatba vel\u00fcnk\"}]},{\"@type\":\"WebSite\",\"@id\":\"https:\/\/eudocsexpress.com\/#website\",\"url\":\"https:\/\/eudocsexpress.com\/\",\"name\":\"EU DOCS EXPRESS\",\"description\":\"My WordPress Blog\",\"potentialAction\":[{\"@type\":\"SearchAction\",\"target\":{\"@type\":\"EntryPoint\",\"urlTemplate\":\"https:\/\/eudocsexpress.com\/?s={search_term_string}\"},\"query-input\":\"required name=search_term_string\"}],\"inLanguage\":\"hu\"}]}<\/script>\n<!-- \/ Yoast SEO plugin. -->","yoast_head_json":{"title":"L\u00e9pjen kapcsolatba vel\u00fcnk - EU DOCS EXPRESS","robots":{"index":"index","follow":"follow","max-snippet":"max-snippet:-1","max-image-preview":"max-image-preview:large","max-video-preview":"max-video-preview:-1"},"canonical":"https:\/\/eudocsexpress.com\/hu\/lepjen-kapcsolatba-velunk\/","og_locale":"hu_HU","og_type":"article","og_title":"L\u00e9pjen kapcsolatba vel\u00fcnk - EU DOCS EXPRESS","og_description":"L\u00e9pjen kapcsolatba vel\u00fcnk L\u00e9pjen kapcsolatba a pr\u00e9mium dokumentumszolg\u00e1ltat\u00e1ssal C\u00e9lunk, hogy minden k\u00e9rd\u00e9sre 48 \u00f3r\u00e1n bel\u00fcl v\u00e1laszoljunk. Ha sok h\u00edv\u00e1st \u00e9s \u00fczenetet tapasztalunk, a v\u00e1laszad\u00e1sunk k\u00e9shet. K\u00f6sz\u00f6nj\u00fck t\u00fcrelm\u00e9t \u00e9s meg\u00e9rt\u00e9s\u00e9t. K\u00f6zvetlen\u00fcl felveheti vel\u00fcnk a kapcsolatot h\u00edv\u00e1son\/sms-en, whatsappon vagy e-mail c\u00edmen. Felveszi a kapcsolatot \u00c9rj el minket 50 Crown Street, London WC1R 2HA contact@eudocsexpress.com\u200b +3197010210597 Dokument\u00e1ci\u00f3s szolg\u00e1ltat\u00e1sainkkal &hellip; L\u00e9pjen kapcsolatba vel\u00fcnk Read More &raquo;","og_url":"https:\/\/eudocsexpress.com\/hu\/lepjen-kapcsolatba-velunk\/","og_site_name":"EU DOCS EXPRESS","article_modified_time":"2022-07-13T11:48:38+00:00","twitter_card":"summary_large_image","twitter_misc":{"Becs\u00fclt olvas\u00e1si id\u0151":"1 perc"},"schema":{"@context":"https:\/\/schema.org","@graph":[{"@type":"WebPage","@id":"https:\/\/eudocsexpress.com\/hu\/lepjen-kapcsolatba-velunk\/","url":"https:\/\/eudocsexpress.com\/hu\/lepjen-kapcsolatba-velunk\/","name":"L\u00e9pjen kapcsolatba vel\u00fcnk - EU DOCS EXPRESS","isPartOf":{"@id":"https:\/\/eudocsexpress.com\/#website"},"datePublished":"2022-07-12T06:16:48+00:00","dateModified":"2022-07-13T11:48:38+00:00","breadcrumb":{"@id":"https:\/\/eudocsexpress.com\/hu\/lepjen-kapcsolatba-velunk\/#breadcrumb"},"inLanguage":"hu","potentialAction":[{"@type":"ReadAction","target":["https:\/\/eudocsexpress.com\/hu\/lepjen-kapcsolatba-velunk\/"]}]},{"@type":"BreadcrumbList","@id":"https:\/\/eudocsexpress.com\/hu\/lepjen-kapcsolatba-velunk\/#breadcrumb","itemListElement":[{"@type":"ListItem","position":1,"name":"Home","item":"https:\/\/eudocsexpress.com\/hu\/"},{"@type":"ListItem","position":2,"name":"L\u00e9pjen kapcsolatba vel\u00fcnk"}]},{"@type":"WebSite","@id":"https:\/\/eudocsexpress.com\/#website","url":"https:\/\/eudocsexpress.com\/","name":"EU DOCS EXPRESS","description":"My WordPress Blog","potentialAction":[{"@type":"SearchAction","target":{"@type":"EntryPoint","urlTemplate":"https:\/\/eudocsexpress.com\/?s={search_term_string}"},"query-input":"required name=search_term_string"}],"inLanguage":"hu"}]}},"_links":{"self":[{"href":"https:\/\/eudocsexpress.com\/hu\/wp-json\/wp\/v2\/pages\/7472","targetHints":{"allow":["GET"]}}],"collection":[{"href":"https:\/\/eudocsexpress.com\/hu\/wp-json\/wp\/v2\/pages"}],"about":[{"href":"https:\/\/eudocsexpress.com\/hu\/wp-json\/wp\/v2\/types\/page"}],"author":[{"embeddable":true,"href":"https:\/\/eudocsexpress.com\/hu\/wp-json\/wp\/v2\/users\/1"}],"replies":[{"embeddable":true,"href":"https:\/\/eudocsexpress.com\/hu\/wp-json\/wp\/v2\/comments?post=7472"}],"version-history":[{"count":33,"href":"https:\/\/eudocsexpress.com\/hu\/wp-json\/wp\/v2\/pages\/7472\/revisions"}],"predecessor-version":[{"id":10098,"href":"https:\/\/eudocsexpress.com\/hu\/wp-json\/wp\/v2\/pages\/7472\/revisions\/10098"}],"wp:attachment":[{"href":"https:\/\/eudocsexpress.com\/hu\/wp-json\/wp\/v2\/media?parent=7472"}],"curies":[{"name":"wp","href":"https:\/\/api.w.org\/{rel}","templated":true}]}}